{"id":3,"date":"2023-10-20T09:26:53","date_gmt":"2023-10-20T09:26:53","guid":{"rendered":"https:\/\/advgenius.com\/?page_id=3"},"modified":"2024-02-29T22:00:22","modified_gmt":"2024-02-29T22:00:22","slug":"privacy-policy","status":"publish","type":"page","link":"https:\/\/advgenius.com\/es\/privacy-policy\/","title":{"rendered":"Pol\u00edtica de privacidad"},"content":{"rendered":"<p>El presente documento tiene por objeto informar a la persona f\u00edsica (en lo sucesivo denominada \"<strong>Interesados<\/strong>\") en relaci\u00f3n con el tratamiento de sus datos personales (en lo sucesivo denominados \"<strong>Datos personales<\/strong>\") recogidos por el responsable del tratamiento, ADV Yuor Business LLC, con domicilio social en 4770 Biscayne Blvd Suite 960 Miami, FL 33137, direcci\u00f3n de correo electr\u00f3nico support@advgenius.com, (en adelante \"<strong>Propietario<\/strong>\"), a trav\u00e9s del sitio web advgenius.com (en lo sucesivo, \"<strong>Aplicaci\u00f3n<\/strong>\").&nbsp;<\/p>\n\n\n\n<p>Los cambios y actualizaciones ser\u00e1n vinculantes en cuanto se publiquen en la Aplicaci\u00f3n. Si no acepta los cambios introducidos en la Pol\u00edtica de Privacidad, deber\u00e1 dejar de utilizar esta Aplicaci\u00f3n y podr\u00e1 solicitar al Responsable que elimine sus Datos Personales.<\/p>\n\n\n\n<ol class=\"wp-block-list\">\n<li><strong>Categor\u00edas de datos personales tratados<\/strong><\/li>\n<\/ol>\n\n\n\n<p>El responsable del tratamiento trata los siguientes tipos de datos personales facilitados voluntariamente por el interesado:<\/p>\n\n\n\n<ol class=\"wp-block-list\">\n<li><strong>Datos de contacto<\/strong>nombre, apellidos, direcci\u00f3n, correo electr\u00f3nico, tel\u00e9fono, fotograf\u00edas, credenciales de autenticaci\u00f3n, cualquier otra informaci\u00f3n enviada por el interesado, etc.&nbsp;<\/li>\n\n\n\n<li><strong>Datos fiscales y de pago<\/strong>c\u00f3digo fiscal, n\u00famero de IVA, datos de la tarjeta de cr\u00e9dito, datos de la cuenta bancaria, etc.&nbsp;<\/li>\n\n\n\n<li><strong>Datos sobre la relaci\u00f3n laboral<\/strong>datos introducidos en el curr\u00edculum vitae, datos relativos al c\u00f3nyuge o a los hijos, datos de la seguridad social, etc.&nbsp;<\/li>\n\n\n\n<li><strong>Datos especiales (sensibles)<\/strong>Datos personales que revelen el origen racial o \u00e9tnico, las opiniones pol\u00edticas, las convicciones religiosas o filos\u00f3ficas o la afiliaci\u00f3n sindical, as\u00ed como los datos gen\u00e9ticos, los datos biom\u00e9tricos destinados a identificar de manera un\u00edvoca a la persona f\u00edsica, los datos relativos a la salud o a la vida sexual o a la orientaci\u00f3n sexual, recogidos con el consentimiento del interesado. El interesado podr\u00e1 retirar su consentimiento en cualquier momento&nbsp;<\/li>\n<\/ol>\n\n\n\n<p>El Responsable del Tratamiento trata los siguientes tipos de Datos Personales recogidos de forma automatizada:<\/p>\n\n\n\n<ol class=\"wp-block-list\">\n<li><strong>Datos t\u00e9cnicos<\/strong>Datos Personales producidos por los dispositivos, aplicaciones, herramientas y protocolos utilizados, como, por ejemplo, informaci\u00f3n sobre el dispositivo utilizado, direcciones IP, tipo de navegador, tipo de proveedor de servicios de Internet (ISP). Estos Datos Personales pueden dejar rastros que, en particular cuando se combinan con identificadores \u00fanicos y otra informaci\u00f3n recibida por los servidores, pueden utilizarse para crear perfiles de individuos.&nbsp;<\/li>\n\n\n\n<li><strong>Datos de navegaci\u00f3n y uso de aplicaciones<\/strong>como, por ejemplo, p\u00e1ginas visitadas, n\u00famero de clics, acciones realizadas, duraci\u00f3n de las sesiones, etc.&nbsp;<\/li>\n\n\n\n<li><strong>Datos relativos a la localizaci\u00f3n exacta del interesado<\/strong>Por ejemplo, datos de geolocalizaci\u00f3n que identifican con precisi\u00f3n la ubicaci\u00f3n del Sujeto de los Datos, que pueden ser recogidos por la red de sat\u00e9lites (por ejemplo, GPS) y otros medios, recogidos con el consentimiento del Sujeto de los Datos. El interesado podr\u00e1 retirar su consentimiento en cualquier momento.&nbsp;<\/li>\n<\/ol>\n\n\n\n<p>El hecho de que el Titular no facilite Datos Personales para los que exista una obligaci\u00f3n legal o contractual, o si son un requisito necesario para la celebraci\u00f3n de un contrato con el Responsable del Tratamiento, tendr\u00e1 como consecuencia que el Responsable del Tratamiento no pueda establecer o continuar la relaci\u00f3n con el Titular.<\/p>\n\n\n\n<p>El Titular que comunique Datos Personales de terceros al Responsable del Tratamiento es responsable directo y exclusivo de su origen, recogida, tratamiento, comunicaci\u00f3n o difusi\u00f3n.<\/p>\n\n\n\n<ol class=\"wp-block-list\">\n<li><strong>Cookies y tecnolog\u00edas similares<\/strong><\/li>\n<\/ol>\n\n\n\n<p>La Aplicaci\u00f3n utiliza cookies, balizas web, identificadores \u00fanicos y otras tecnolog\u00edas similares para recopilar Datos Personales del Titular de los Datos sobre las p\u00e1ginas, enlaces visitados y otras acciones realizadas cuando el Titular de los Datos utiliza la Aplicaci\u00f3n. Se almacenan y se transmiten la pr\u00f3xima vez que el Usuario visita la Aplicaci\u00f3n. La Pol\u00edtica de Cookies completa puede consultarse en la siguiente direcci\u00f3n: ____________________&nbsp;<\/p>\n\n\n\n<ol class=\"wp-block-list\">\n<li><strong>Base jur\u00eddica y finalidad del tratamiento<\/strong><\/li>\n<\/ol>\n\n\n\n<p>El tratamiento de los Datos Personales es necesario:<\/p>\n\n\n\n<ol class=\"wp-block-list\">\n<li>para la ejecuci\u00f3n del contrato con el Interesado, a saber:\n<ol class=\"wp-block-list\">\n<li><strong>cumplimiento de cualquier obligaci\u00f3n derivada de la relaci\u00f3n precontractual o contractual con el interesado<\/strong>&nbsp;<\/li>\n\n\n\n<li><strong>registro y autenticaci\u00f3n del interesado:<\/strong> permitir que el Sujeto de Datos se registre en la Aplicaci\u00f3n, acceda y se identifique tambi\u00e9n a trav\u00e9s de plataformas externas&nbsp;<\/li>\n\n\n\n<li><strong>asistencia y contacto con el interesado<\/strong>responder a las solicitudes del interesado&nbsp;<\/li>\n\n\n\n<li><strong>gesti\u00f3n de pagos<\/strong>: para gestionar pagos con tarjeta de cr\u00e9dito, transferencia bancaria u otros medios&nbsp;<\/li>\n<\/ol>\n<\/li>\n\n\n\n<li>por obligaci\u00f3n legal, a saber:&nbsp;<\/li>\n\n\n\n<li><strong>el cumplimiento de cualquier obligaci\u00f3n derivada de la normativa vigente<\/strong>leyes y reglamentos, en particular en materia fiscal y tributaria&nbsp;<\/li>\n\n\n\n<li>sobre la base del inter\u00e9s leg\u00edtimo del responsable del tratamiento, para:&nbsp;<\/li>\n<\/ol>\n\n\n\n<ol class=\"wp-block-list\">\n<li><strong>fines de marketing por correo electr\u00f3nico de productos y\/o servicios del titular<\/strong> vender directamente productos o servicios del responsable del tratamiento utilizando el correo electr\u00f3nico facilitado por el interesado en el contexto de la venta de un producto o servicio similar&nbsp;<\/li>\n\n\n\n<li><strong>gesti\u00f3n, optimizaci\u00f3n y supervisi\u00f3n de la infraestructura t\u00e9cnica<\/strong>identificar y resolver problemas t\u00e9cnicos, mejorar el rendimiento de la Aplicaci\u00f3n, gestionar y organizar la informaci\u00f3n en un sistema inform\u00e1tico (por ejemplo, servidor, base de datos, etc.)&nbsp;<\/li>\n\n\n\n<li><strong>seguridad y lucha contra el fraude<\/strong>garantizar la seguridad de los activos, infraestructuras y redes del Propietario&nbsp;<\/li>\n\n\n\n<li><strong>estad\u00edsticas con datos an\u00f3nimos<\/strong>realizar an\u00e1lisis estad\u00edsticos sobre datos agregados y an\u00f3nimos para analizar el comportamiento del interesado, mejorar los productos y\/o servicios prestados por el responsable del tratamiento y responder mejor a las expectativas del interesado&nbsp;<\/li>\n\n\n\n<li>bas\u00e1ndose en el consentimiento del interesado, para:&nbsp;<\/li>\n<\/ol>\n\n\n\n<ol class=\"wp-block-list\">\n<li><strong>elaboraci\u00f3n de perfiles del interesado con fines comerciales<\/strong>proporcionar al interesado informaci\u00f3n sobre los productos y\/o servicios del responsable del tratamiento mediante un tratamiento automatizado destinado a recoger informaci\u00f3n personal con el fin de predecir o evaluar las preferencias o el comportamiento del interesado&nbsp;<\/li>\n\n\n\n<li><strong>retargeting y remarketing<\/strong>llegar con un anuncio personalizado al Sujeto de Datos que ya ha visitado o mostrado inter\u00e9s en los productos y\/o servicios ofrecidos por la Aplicaci\u00f3n utilizando sus Datos Personales. El Titular de los Datos puede darse de baja visitando la p\u00e1gina del <a href=\"https:\/\/optout.networkadvertising.org\/?c=1\">Iniciativa de Publicidad en Red<\/a>&nbsp;<\/li>\n\n\n\n<li><strong>fines de marketing de los productos y\/o servicios del Responsable del Tratamiento<\/strong>enviar informaci\u00f3n o material comercial y\/o promocional, realizar ventas directas de productos y\/o servicios del Responsable del Tratamiento o llevar a cabo estudios de mercado utilizando m\u00e9todos automatizados y tradicionales&nbsp;<\/li>\n\n\n\n<li><strong>detecci\u00f3n de la ubicaci\u00f3n exacta del interesado<\/strong>detectar la presencia del Interesado, controlar el acceso, los horarios y la presencia del Interesado en un lugar determinado, etc.&nbsp;<\/li>\n<\/ol>\n\n\n\n<p>Bas\u00e1ndose en el inter\u00e9s leg\u00edtimo del Responsable del Tratamiento, la Aplicaci\u00f3n permite interacciones con plataformas o redes sociales externas cuyo tratamiento de Datos Personales se rige por sus respectivas pol\u00edticas de privacidad a las que le rogamos se remita. Las interacciones y la informaci\u00f3n adquirida por esta Aplicaci\u00f3n est\u00e1n en cualquier caso sujetas a la configuraci\u00f3n de privacidad que el Titular de los Datos haya elegido en dichas plataformas o redes sociales. Esta informaci\u00f3n - en ausencia de consentimiento espec\u00edfico para su tratamiento con otros fines - se utiliza \u00fanicamente con el fin de permitir el uso de la Aplicaci\u00f3n y proporcionar la informaci\u00f3n y los servicios solicitados.<\/p>\n\n\n\n<p>Los datos personales del interesado tambi\u00e9n podr\u00e1n ser utilizados por el responsable del tratamiento para protegerse ante los tribunales competentes.<\/p>\n\n\n\n<ol class=\"wp-block-list\">\n<li><strong>M\u00e9todos de tratamiento y destinatarios de los datos personales<\/strong><\/li>\n<\/ol>\n\n\n\n<p>El tratamiento de los Datos Personales se lleva a cabo mediante instrumentos en papel e inform\u00e1ticos con m\u00e9todos organizativos y l\u00f3gicos estrictamente relacionados con los fines declarados y mediante la adopci\u00f3n de medidas de seguridad adecuadas.<\/p>\n\n\n\n<p>Los Datos Personales son tratados exclusivamente por:&nbsp;<\/p>\n\n\n\n<ol class=\"wp-block-list\">\n<li>personas autorizadas por el Responsable del Tratamiento para tratar Datos Personales que se hayan comprometido a mantener la confidencialidad o tengan una obligaci\u00f3n legal adecuada de confidencialidad;<\/li>\n\n\n\n<li>sujetos que operan de forma aut\u00f3noma como responsables del tratamiento independientes o por sujetos designados como encargados del tratamiento por el Responsable del Tratamiento para llevar a cabo todas las actividades de tratamiento necesarias para perseguir los fines establecidos en esta pol\u00edtica (por ejemplo, socios comerciales, consultores, empresas de TI, proveedores de servicios, proveedores de alojamiento);<\/li>\n\n\n\n<li>partes o entidades a las que deban revelarse Datos Personales por ley o por orden de las autoridades.<\/li>\n<\/ol>\n\n\n\n<p>Las personas enumeradas anteriormente est\u00e1n obligadas a utilizar las salvaguardias adecuadas para proteger los Datos Personales y s\u00f3lo pueden tener acceso a los Datos Personales necesarios para realizar las tareas que les han sido asignadas.<\/p>\n\n\n\n<p>Los Datos Personales no se difundir\u00e1n indiscriminadamente de ninguna manera.<\/p>\n\n\n\n<ol class=\"wp-block-list\">\n<li><strong>Lugar<\/strong><\/li>\n<\/ol>\n\n\n\n<p>En caso necesario, los Datos Personales podr\u00e1n transferirse a entidades situadas fuera del Espacio Econ\u00f3mico Europeo (EEE). Siempre que se transfieran Datos Personales fuera del EEE, el Responsable del Tratamiento adoptar\u00e1 todas las medidas contractuales apropiadas y necesarias para garantizar un nivel adecuado de protecci\u00f3n de los Datos Personales, incluidos, entre otros, acuerdos basados en las cl\u00e1usulas contractuales tipo para la transferencia de datos fuera del EEE, aprobadas por la Comisi\u00f3n Europea. Para solicitar informaci\u00f3n sobre las garant\u00edas espec\u00edficas adoptadas, el Titular de los datos podr\u00e1 ponerse en contacto con el Responsable del tratamiento en la siguiente direcci\u00f3n de correo electr\u00f3nico support@advgenius.com.&nbsp;<\/p>\n\n\n\n<ol class=\"wp-block-list\">\n<li><strong>Per\u00edodo de conservaci\u00f3n de los datos personales<\/strong><\/li>\n<\/ol>\n\n\n\n<p>Los Datos Personales se conservar\u00e1n durante el periodo de tiempo necesario para cumplir los fines para los que fueron recogidos, en particular:&nbsp;<\/p>\n\n\n\n<ol class=\"wp-block-list\">\n<li>para fines relacionados con la ejecuci\u00f3n del contrato entre el Responsable del Tratamiento y el Interesado, se conservar\u00e1n durante toda la duraci\u00f3n de la relaci\u00f3n contractual y, tras su finalizaci\u00f3n, durante el plazo de prescripci\u00f3n ordinario de 10 a\u00f1os. En caso de litigios judiciales, durante toda la duraci\u00f3n de los mismos, hasta que se agote el plazo de recursos.<\/li>\n\n\n\n<li>para fines relacionados con el inter\u00e9s leg\u00edtimo del responsable del tratamiento, se conservar\u00e1n hasta que se satisfaga dicho inter\u00e9s<\/li>\n\n\n\n<li>para el cumplimiento de una obligaci\u00f3n legal, por orden de una autoridad y para la protecci\u00f3n jur\u00eddica, se conservar\u00e1n de acuerdo con los plazos previstos por dichas obligaciones, reglamentos y, en cualquier caso, hasta la expiraci\u00f3n del plazo prescriptivo previsto por las normas aplicables.<\/li>\n\n\n\n<li>para fines basados en el consentimiento del interesado, se conservar\u00e1n hasta que se revoque el consentimiento&nbsp;<\/li>\n<\/ol>\n\n\n\n<p>Al final del periodo de conservaci\u00f3n, todos los Datos Personales ser\u00e1n eliminados o almacenados de forma que no permitan la identificaci\u00f3n del Titular de los Datos.<\/p>\n\n\n\n<ol class=\"wp-block-list\">\n<li><strong>Derechos del interesado<\/strong><\/li>\n<\/ol>\n\n\n\n<p>Los Titulares de los Datos podr\u00e1n ejercer determinados derechos en relaci\u00f3n con los Datos Personales tratados por el Responsable del Tratamiento. En particular, el interesado tiene derecho a:<\/p>\n\n\n\n<ol class=\"wp-block-list\">\n<li>ser informado sobre el tratamiento de sus Datos Personales<\/li>\n\n\n\n<li>retirar el consentimiento en cualquier momento<\/li>\n\n\n\n<li>limitar el tratamiento de sus datos personales<\/li>\n\n\n\n<li>oponerse al tratamiento de sus Datos Personales<\/li>\n\n\n\n<li>acceder a sus Datos Personales<\/li>\n\n\n\n<li>verificar y solicitar la rectificaci\u00f3n de sus Datos Personales<\/li>\n\n\n\n<li>obtener la limitaci\u00f3n del tratamiento de sus Datos Personales<\/li>\n\n\n\n<li>obtener la supresi\u00f3n de sus Datos Personales<\/li>\n\n\n\n<li>transferir sus Datos Personales a otro responsable del tratamiento<\/li>\n\n\n\n<li>presentar una reclamaci\u00f3n ante la autoridad de control de protecci\u00f3n de datos y\/o emprender acciones legales.<\/li>\n<\/ol>\n\n\n\n<p>Para ejercer sus derechos, los interesados pueden dirigir una solicitud a la siguiente direcci\u00f3n de correo electr\u00f3nico: support@advgenius.com. El responsable del tratamiento atender\u00e1 inmediatamente las solicitudes y las tramitar\u00e1 lo antes posible, en cualquier caso en un plazo de 30 d\u00edas.&nbsp;<\/p>\n\n\n\n<p>\u00daltima actualizaci\u00f3n: 28\/02\/2024<\/p>","protected":false},"excerpt":{"rendered":"<p>El presente documento tiene por objeto informar a la persona f\u00edsica (en adelante \"Interesado\") sobre el tratamiento de sus datos personales (en adelante \"Datos Personales\") recogidos por el responsable del tratamiento, ADV Yuor Business LLC, con domicilio social en 4770 Biscayne Blvd Suite 960 Miami, FL 33137, direcci\u00f3n de correo electr\u00f3nico support@advgenius.com, (en adelante \"Responsable del Tratamiento\"), a trav\u00e9s del sitio web [...].<\/p>","protected":false},"author":1,"featured_media":0,"parent":0,"menu_order":0,"comment_status":"closed","ping_status":"open","template":"","meta":{"footnotes":""},"class_list":["post-3","page","type-page","status-publish","hentry"],"yoast_head":"<!-- This site is optimized with the Yoast SEO Premium plugin v18.4 (Yoast SEO v18.6) - https:\/\/yoast.com\/wordpress\/plugins\/seo\/ -->\n<title>Privacy Policy - ADVGenius<\/title>\n<meta name=\"robots\" content=\"index, follow, max-snippet:-1, max-image-preview:large, max-video-preview:-1\" \/>\n<link rel=\"canonical\" href=\"https:\/\/advgenius.com\/es\/privacy-policy\/\" \/>\n<meta property=\"og:locale\" content=\"es_ES\" \/>\n<meta property=\"og:type\" content=\"article\" \/>\n<meta property=\"og:title\" content=\"Privacy Policy\" \/>\n<meta property=\"og:description\" content=\"Lo scopo del presente documento \u00e8 di informare la persona fisica (di seguito \u201cInteressato\u201d) relativamente al trattamento dei suoi dati personali (di seguito \u201cDati Personali\u201d) raccolti dal titolare del trattamento, ADV Yuor Business LLC, con sede legale in 4770 Biscayne Blvd Suite 960 Miami, FL 33137, indirizzo e-mail support@advgenius.com, (di seguito \u201cTitolare\u201d), tramite il sito [&hellip;]\" \/>\n<meta property=\"og:url\" content=\"https:\/\/advgenius.com\/es\/privacy-policy\/\" \/>\n<meta property=\"og:site_name\" content=\"ADVGenius\" \/>\n<meta property=\"article:modified_time\" content=\"2024-02-29T22:00:22+00:00\" \/>\n<meta name=\"twitter:card\" content=\"summary_large_image\" \/>\n<meta name=\"twitter:label1\" content=\"Tiempo de lectura\" \/>\n\t<meta name=\"twitter:data1\" content=\"8 minutos\" \/>\n<script type=\"application\/ld+json\" class=\"yoast-schema-graph\">{\"@context\":\"https:\/\/schema.org\",\"@graph\":[{\"@type\":\"WebSite\",\"@id\":\"https:\/\/advgenius.com\/#website\",\"url\":\"https:\/\/advgenius.com\/\",\"name\":\"ADVGenius\",\"description\":\"Insieme per il tuo successo online\",\"potentialAction\":[{\"@type\":\"SearchAction\",\"target\":{\"@type\":\"EntryPoint\",\"urlTemplate\":\"https:\/\/advgenius.com\/?s={search_term_string}\"},\"query-input\":\"required name=search_term_string\"}],\"inLanguage\":\"es\"},{\"@type\":\"WebPage\",\"@id\":\"https:\/\/advgenius.com\/privacy-policy\/#webpage\",\"url\":\"https:\/\/advgenius.com\/privacy-policy\/\",\"name\":\"Privacy Policy - ADVGenius\",\"isPartOf\":{\"@id\":\"https:\/\/advgenius.com\/#website\"},\"datePublished\":\"2023-10-20T09:26:53+00:00\",\"dateModified\":\"2024-02-29T22:00:22+00:00\",\"breadcrumb\":{\"@id\":\"https:\/\/advgenius.com\/privacy-policy\/#breadcrumb\"},\"inLanguage\":\"es\",\"potentialAction\":[{\"@type\":\"ReadAction\",\"target\":[\"https:\/\/advgenius.com\/privacy-policy\/\"]}]},{\"@type\":\"BreadcrumbList\",\"@id\":\"https:\/\/advgenius.com\/privacy-policy\/#breadcrumb\",\"itemListElement\":[{\"@type\":\"ListItem\",\"position\":1,\"name\":\"Home\",\"item\":\"https:\/\/advgenius.com\/\"},{\"@type\":\"ListItem\",\"position\":2,\"name\":\"Privacy Policy\"}]}]}<\/script>\n<!-- \/ Yoast SEO Premium plugin. -->","yoast_head_json":{"title":"Privacy Policy - ADVGenius","robots":{"index":"index","follow":"follow","max-snippet":"max-snippet:-1","max-image-preview":"max-image-preview:large","max-video-preview":"max-video-preview:-1"},"canonical":"https:\/\/advgenius.com\/es\/privacy-policy\/","og_locale":"es_ES","og_type":"article","og_title":"Privacy Policy","og_description":"Lo scopo del presente documento \u00e8 di informare la persona fisica (di seguito \u201cInteressato\u201d) relativamente al trattamento dei suoi dati personali (di seguito \u201cDati Personali\u201d) raccolti dal titolare del trattamento, ADV Yuor Business LLC, con sede legale in 4770 Biscayne Blvd Suite 960 Miami, FL 33137, indirizzo e-mail support@advgenius.com, (di seguito \u201cTitolare\u201d), tramite il sito [&hellip;]","og_url":"https:\/\/advgenius.com\/es\/privacy-policy\/","og_site_name":"ADVGenius","article_modified_time":"2024-02-29T22:00:22+00:00","twitter_card":"summary_large_image","twitter_misc":{"Tiempo de lectura":"8 minutos"},"schema":{"@context":"https:\/\/schema.org","@graph":[{"@type":"WebSite","@id":"https:\/\/advgenius.com\/#website","url":"https:\/\/advgenius.com\/","name":"ADVGenius","description":"Insieme per il tuo successo online","potentialAction":[{"@type":"SearchAction","target":{"@type":"EntryPoint","urlTemplate":"https:\/\/advgenius.com\/?s={search_term_string}"},"query-input":"required name=search_term_string"}],"inLanguage":"es"},{"@type":"WebPage","@id":"https:\/\/advgenius.com\/privacy-policy\/#webpage","url":"https:\/\/advgenius.com\/privacy-policy\/","name":"Privacy Policy - ADVGenius","isPartOf":{"@id":"https:\/\/advgenius.com\/#website"},"datePublished":"2023-10-20T09:26:53+00:00","dateModified":"2024-02-29T22:00:22+00:00","breadcrumb":{"@id":"https:\/\/advgenius.com\/privacy-policy\/#breadcrumb"},"inLanguage":"es","potentialAction":[{"@type":"ReadAction","target":["https:\/\/advgenius.com\/privacy-policy\/"]}]},{"@type":"BreadcrumbList","@id":"https:\/\/advgenius.com\/privacy-policy\/#breadcrumb","itemListElement":[{"@type":"ListItem","position":1,"name":"Home","item":"https:\/\/advgenius.com\/"},{"@type":"ListItem","position":2,"name":"Privacy Policy"}]}]}},"_links":{"self":[{"href":"https:\/\/advgenius.com\/es\/wp-json\/wp\/v2\/pages\/3","targetHints":{"allow":["GET"]}}],"collection":[{"href":"https:\/\/advgenius.com\/es\/wp-json\/wp\/v2\/pages"}],"about":[{"href":"https:\/\/advgenius.com\/es\/wp-json\/wp\/v2\/types\/page"}],"author":[{"embeddable":true,"href":"https:\/\/advgenius.com\/es\/wp-json\/wp\/v2\/users\/1"}],"replies":[{"embeddable":true,"href":"https:\/\/advgenius.com\/es\/wp-json\/wp\/v2\/comments?post=3"}],"version-history":[{"count":1,"href":"https:\/\/advgenius.com\/es\/wp-json\/wp\/v2\/pages\/3\/revisions"}],"predecessor-version":[{"id":474,"href":"https:\/\/advgenius.com\/es\/wp-json\/wp\/v2\/pages\/3\/revisions\/474"}],"wp:attachment":[{"href":"https:\/\/advgenius.com\/es\/wp-json\/wp\/v2\/media?parent=3"}],"curies":[{"name":"wp","href":"https:\/\/api.w.org\/{rel}","templated":true}]}}