{"id":484,"date":"2024-03-01T11:25:02","date_gmt":"2024-03-01T11:25:02","guid":{"rendered":"https:\/\/advgenius.com\/?page_id=484"},"modified":"2024-03-01T11:27:25","modified_gmt":"2024-03-01T11:27:25","slug":"politica-di-rimborso-e-cancellazione-di-advgenius","status":"publish","type":"page","link":"https:\/\/advgenius.com\/es\/politica-di-rimborso-e-cancellazione-di-advgenius\/","title":{"rendered":"Pol\u00edtica de reembolso y cancelaci\u00f3n de ADVGenius"},"content":{"rendered":"<p>Bienvenido a ADVGenius. Nos comprometemos a garantizar la satisfacci\u00f3n de nuestros clientes y entendemos que pueden surgir situaciones en las que sea necesario solicitar un reembolso o cancelar un servicio. La siguiente pol\u00edtica explica c\u00f3mo gestionamos dichas solicitudes para garantizar la transparencia y la equidad.<\/p>\n\n\n\n<p><strong>Cancelaci\u00f3n de servicios:<\/strong><\/p>\n\n\n\n<ol class=\"wp-block-list\">\n<li><strong>Antes de la activaci\u00f3n del servicio:<\/strong>\n<ul class=\"wp-block-list\">\n<li>Los clientes pueden cancelar un servicio solicitado pero a\u00fan no activado sin coste alguno. Para ello, p\u00f3ngase en contacto con nosotros en las 24 horas siguientes al pedido.<\/li>\n<\/ul>\n<\/li>\n\n\n\n<li><strong>Tras la activaci\u00f3n del servicio:<\/strong>\n<ul class=\"wp-block-list\">\n<li>Una vez activado un servicio, los clientes pueden solicitar su cancelaci\u00f3n, pero pueden aplicarse gastos de cancelaci\u00f3n en funci\u00f3n del tiempo restante del contrato o del uso del servicio.<\/li>\n<\/ul>\n<\/li>\n<\/ol>\n\n\n\n<p><strong>Pol\u00edtica de reembolso:<\/strong><\/p>\n\n\n\n<ol class=\"wp-block-list\">\n<li><strong>Servicios no iniciados:<\/strong>\n<ul class=\"wp-block-list\">\n<li>Para los servicios pagados pero a\u00fan no iniciados, ofrecemos un reembolso completo si se recibe una solicitud de cancelaci\u00f3n en las 24 horas siguientes a la compra.<\/li>\n<\/ul>\n<\/li>\n\n\n\n<li><strong>Servicios iniciados pero no finalizados:<\/strong>\n<ul class=\"wp-block-list\">\n<li>En el caso de servicios iniciados pero no completados, evaluaremos los reembolsos caso por caso, teniendo en cuenta los costes ya incurridos por ADVGenius al iniciar el servicio.<\/li>\n<\/ul>\n<\/li>\n\n\n\n<li><strong>Servicios prestados:<\/strong>\n<ul class=\"wp-block-list\">\n<li>En general, no ofrecemos reembolsos por servicios que ya se han completado. Sin embargo, si el servicio no cumple las especificaciones acordadas, revisamos las solicitudes de reembolso individualmente para garantizar la satisfacci\u00f3n del cliente.<\/li>\n<\/ul>\n<\/li>\n<\/ol>\n\n\n\n<p><strong>Procedimiento de solicitud:<\/strong> Para solicitar el reembolso o la cancelaci\u00f3n de un servicio, p\u00f3ngase en contacto con nuestro servicio de atenci\u00f3n al cliente por correo electr\u00f3nico en info@advgenius.com. Proporcione todos los detalles de su solicitud, incluido el n\u00famero de pedido, la fecha de compra y el motivo de la cancelaci\u00f3n o solicitud de reembolso.<\/p>\n\n\n\n<p><strong>Plazos de tramitaci\u00f3n:<\/strong> Las solicitudes de reembolso o cancelaci\u00f3n se tramitan en un plazo de 7 a 10 d\u00edas laborables tras su recepci\u00f3n. Los reembolsos se realizar\u00e1n utilizando el mismo m\u00e9todo de pago empleado para la compra.<\/p>\n\n\n\n<p><strong>Cambios en la pol\u00edtica:<\/strong> ADVGenius se reserva el derecho a modificar esta pol\u00edtica de reembolso y cancelaci\u00f3n en cualquier momento. Cualquier cambio se comunicar\u00e1 a los clientes a trav\u00e9s de nuestro sitio web o correo electr\u00f3nico.<\/p>\n\n\n\n<p><strong>P\u00f3ngase en contacto con nosotros:<\/strong> Si tiene alguna pregunta o duda sobre nuestra pol\u00edtica de reembolso y cancelaci\u00f3n, no dude en ponerse en contacto con nosotros en info@advgenius.com.<\/p>","protected":false},"excerpt":{"rendered":"<p>Bienvenido a ADVGenius. Nos comprometemos a garantizar la satisfacci\u00f3n de nuestros clientes y entendemos que pueden surgir situaciones en las que sea necesario solicitar un reembolso o cancelar un servicio. La siguiente pol\u00edtica explica c\u00f3mo gestionamos estas solicitudes para garantizar la transparencia y la equidad. Cancelaci\u00f3n de servicios: Pol\u00edtica de reembolso: Procedimiento de solicitud: Para solicitar un reembolso [...].<\/p>","protected":false},"author":1,"featured_media":0,"parent":0,"menu_order":0,"comment_status":"closed","ping_status":"closed","template":"","meta":{"footnotes":""},"class_list":["post-484","page","type-page","status-publish","hentry"],"yoast_head":"<!-- This site is optimized with the Yoast SEO Premium plugin v18.4 (Yoast SEO v18.6) - https:\/\/yoast.com\/wordpress\/plugins\/seo\/ -->\n<title>Politica di Rimborso e Cancellazione di ADVGenius - ADVGenius<\/title>\n<meta name=\"robots\" content=\"index, follow, max-snippet:-1, max-image-preview:large, max-video-preview:-1\" \/>\n<link rel=\"canonical\" href=\"https:\/\/advgenius.com\/es\/politica-di-rimborso-e-cancellazione-di-advgenius\/\" \/>\n<meta property=\"og:locale\" content=\"es_ES\" \/>\n<meta property=\"og:type\" content=\"article\" \/>\n<meta property=\"og:title\" content=\"Politica di Rimborso e Cancellazione di ADVGenius\" \/>\n<meta property=\"og:description\" content=\"Benvenuto su ADVGenius. Ci impegniamo a garantire la soddisfazione dei nostri clienti e comprendiamo che possono sorgere situazioni in cui \u00e8 necessario richiedere un rimborso o cancellare un servizio. La seguente politica spiega come gestiamo queste richieste per assicurare trasparenza e equit\u00e0. Cancellazione di Servizi: Politica di Rimborso: Procedura di Richiesta: Per richiedere un rimborso [&hellip;]\" \/>\n<meta property=\"og:url\" content=\"https:\/\/advgenius.com\/es\/politica-di-rimborso-e-cancellazione-di-advgenius\/\" \/>\n<meta property=\"og:site_name\" content=\"ADVGenius\" \/>\n<meta property=\"article:modified_time\" content=\"2024-03-01T11:27:25+00:00\" \/>\n<meta name=\"twitter:card\" content=\"summary_large_image\" \/>\n<meta name=\"twitter:label1\" content=\"Tiempo de lectura\" \/>\n\t<meta name=\"twitter:data1\" content=\"2 minutos\" \/>\n<script type=\"application\/ld+json\" class=\"yoast-schema-graph\">{\"@context\":\"https:\/\/schema.org\",\"@graph\":[{\"@type\":\"WebSite\",\"@id\":\"https:\/\/advgenius.com\/#website\",\"url\":\"https:\/\/advgenius.com\/\",\"name\":\"ADVGenius\",\"description\":\"Insieme per il tuo successo online\",\"potentialAction\":[{\"@type\":\"SearchAction\",\"target\":{\"@type\":\"EntryPoint\",\"urlTemplate\":\"https:\/\/advgenius.com\/?s={search_term_string}\"},\"query-input\":\"required name=search_term_string\"}],\"inLanguage\":\"es\"},{\"@type\":\"WebPage\",\"@id\":\"https:\/\/advgenius.com\/politica-di-rimborso-e-cancellazione-di-advgenius\/#webpage\",\"url\":\"https:\/\/advgenius.com\/politica-di-rimborso-e-cancellazione-di-advgenius\/\",\"name\":\"Politica di Rimborso e Cancellazione di ADVGenius - ADVGenius\",\"isPartOf\":{\"@id\":\"https:\/\/advgenius.com\/#website\"},\"datePublished\":\"2024-03-01T11:25:02+00:00\",\"dateModified\":\"2024-03-01T11:27:25+00:00\",\"breadcrumb\":{\"@id\":\"https:\/\/advgenius.com\/politica-di-rimborso-e-cancellazione-di-advgenius\/#breadcrumb\"},\"inLanguage\":\"es\",\"potentialAction\":[{\"@type\":\"ReadAction\",\"target\":[\"https:\/\/advgenius.com\/politica-di-rimborso-e-cancellazione-di-advgenius\/\"]}]},{\"@type\":\"BreadcrumbList\",\"@id\":\"https:\/\/advgenius.com\/politica-di-rimborso-e-cancellazione-di-advgenius\/#breadcrumb\",\"itemListElement\":[{\"@type\":\"ListItem\",\"position\":1,\"name\":\"Home\",\"item\":\"https:\/\/advgenius.com\/\"},{\"@type\":\"ListItem\",\"position\":2,\"name\":\"Politica di Rimborso e Cancellazione di ADVGenius\"}]}]}<\/script>\n<!-- \/ Yoast SEO Premium plugin. -->","yoast_head_json":{"title":"Politica di Rimborso e Cancellazione di ADVGenius - ADVGenius","robots":{"index":"index","follow":"follow","max-snippet":"max-snippet:-1","max-image-preview":"max-image-preview:large","max-video-preview":"max-video-preview:-1"},"canonical":"https:\/\/advgenius.com\/es\/politica-di-rimborso-e-cancellazione-di-advgenius\/","og_locale":"es_ES","og_type":"article","og_title":"Politica di Rimborso e Cancellazione di ADVGenius","og_description":"Benvenuto su ADVGenius. Ci impegniamo a garantire la soddisfazione dei nostri clienti e comprendiamo che possono sorgere situazioni in cui \u00e8 necessario richiedere un rimborso o cancellare un servizio. La seguente politica spiega come gestiamo queste richieste per assicurare trasparenza e equit\u00e0. Cancellazione di Servizi: Politica di Rimborso: Procedura di Richiesta: Per richiedere un rimborso [&hellip;]","og_url":"https:\/\/advgenius.com\/es\/politica-di-rimborso-e-cancellazione-di-advgenius\/","og_site_name":"ADVGenius","article_modified_time":"2024-03-01T11:27:25+00:00","twitter_card":"summary_large_image","twitter_misc":{"Tiempo de lectura":"2 minutos"},"schema":{"@context":"https:\/\/schema.org","@graph":[{"@type":"WebSite","@id":"https:\/\/advgenius.com\/#website","url":"https:\/\/advgenius.com\/","name":"ADVGenius","description":"Insieme per il tuo successo online","potentialAction":[{"@type":"SearchAction","target":{"@type":"EntryPoint","urlTemplate":"https:\/\/advgenius.com\/?s={search_term_string}"},"query-input":"required name=search_term_string"}],"inLanguage":"es"},{"@type":"WebPage","@id":"https:\/\/advgenius.com\/politica-di-rimborso-e-cancellazione-di-advgenius\/#webpage","url":"https:\/\/advgenius.com\/politica-di-rimborso-e-cancellazione-di-advgenius\/","name":"Politica di Rimborso e Cancellazione di ADVGenius - ADVGenius","isPartOf":{"@id":"https:\/\/advgenius.com\/#website"},"datePublished":"2024-03-01T11:25:02+00:00","dateModified":"2024-03-01T11:27:25+00:00","breadcrumb":{"@id":"https:\/\/advgenius.com\/politica-di-rimborso-e-cancellazione-di-advgenius\/#breadcrumb"},"inLanguage":"es","potentialAction":[{"@type":"ReadAction","target":["https:\/\/advgenius.com\/politica-di-rimborso-e-cancellazione-di-advgenius\/"]}]},{"@type":"BreadcrumbList","@id":"https:\/\/advgenius.com\/politica-di-rimborso-e-cancellazione-di-advgenius\/#breadcrumb","itemListElement":[{"@type":"ListItem","position":1,"name":"Home","item":"https:\/\/advgenius.com\/"},{"@type":"ListItem","position":2,"name":"Politica di Rimborso e Cancellazione di ADVGenius"}]}]}},"_links":{"self":[{"href":"https:\/\/advgenius.com\/es\/wp-json\/wp\/v2\/pages\/484","targetHints":{"allow":["GET"]}}],"collection":[{"href":"https:\/\/advgenius.com\/es\/wp-json\/wp\/v2\/pages"}],"about":[{"href":"https:\/\/advgenius.com\/es\/wp-json\/wp\/v2\/types\/page"}],"author":[{"embeddable":true,"href":"https:\/\/advgenius.com\/es\/wp-json\/wp\/v2\/users\/1"}],"replies":[{"embeddable":true,"href":"https:\/\/advgenius.com\/es\/wp-json\/wp\/v2\/comments?post=484"}],"version-history":[{"count":2,"href":"https:\/\/advgenius.com\/es\/wp-json\/wp\/v2\/pages\/484\/revisions"}],"predecessor-version":[{"id":489,"href":"https:\/\/advgenius.com\/es\/wp-json\/wp\/v2\/pages\/484\/revisions\/489"}],"wp:attachment":[{"href":"https:\/\/advgenius.com\/es\/wp-json\/wp\/v2\/media?parent=484"}],"curies":[{"name":"wp","href":"https:\/\/api.w.org\/{rel}","templated":true}]}}